{"id":134,"date":"2024-07-01T15:35:43","date_gmt":"2024-07-01T13:35:43","guid":{"rendered":"https:\/\/naody.fr\/?post_type=product&#038;p=134"},"modified":"2025-12-21T21:39:54","modified_gmt":"2025-12-21T20:39:54","slug":"litchi-blossom","status":"publish","type":"product","link":"https:\/\/naody.fr\/index.php\/produit\/litchi-blossom\/","title":{"rendered":"Litchi Blossom"},"content":{"rendered":"","protected":false},"excerpt":{"rendered":"<p><strong>Litchi Blossom : Le Cocktail qui \u00c9veille les Sens !<\/strong><\/p>\n<p>D\u00e9couvrez un cocktail audacieux et raffin\u00e9 qui allie la douceur florale du litchi, la fra\u00eecheur du concombre, l\u2019intensit\u00e9 du vin rouge, le peps du citron vert et la touche herbac\u00e9e de la menthe. Sublim\u00e9 par la d\u00e9licatesse du gin, chaque gorg\u00e9e est une explosion de saveurs, parfaite pour les amateurs d\u2019originalit\u00e9 et de finesse. \ud83c\udf77\ud83c\udf78\ud83c\udf3f<\/p>\n<p><strong>Parfait pour :<\/strong><\/p>\n<ul>\n<li>Apporter une touche chic \u00e0 vos ap\u00e9ritifs<\/li>\n<li>\u00c9tonner vos convives avec une cr\u00e9ation sophistiqu\u00e9e<\/li>\n<li>D\u00e9guster un moment de plaisir unique<\/li>\n<\/ul>\n<p><strong>Conseil de d\u00e9gustation :<\/strong> Servez-le <strong>tr\u00e8s frais<\/strong>, accompagn\u00e9 de gla\u00e7ons et d\u2019une feuille de menthe pour un visuel \u00e9l\u00e9gant et une fra\u00eecheur incomparable.<\/p>\n<p>\ud83c\udf1f <strong>Une exp\u00e9rience cocktail inoubliable, pr\u00eate \u00e0 vous s\u00e9duire !<\/strong><\/p>\n","protected":false},"featured_media":223,"comment_status":"open","ping_status":"closed","template":"","meta":[],"product_cat":[16],"product_tag":[],"class_list":{"0":"post-134","1":"product","2":"type-product","3":"status-publish","4":"has-post-thumbnail","6":"product_cat-non-classe","8":"first","9":"instock","10":"shipping-taxable","11":"purchasable","12":"product-type-simple"},"jetpack_sharing_enabled":true,"acf":[],"_links":{"self":[{"href":"https:\/\/naody.fr\/index.php\/wp-json\/wp\/v2\/product\/134","targetHints":{"allow":["GET"]}}],"collection":[{"href":"https:\/\/naody.fr\/index.php\/wp-json\/wp\/v2\/product"}],"about":[{"href":"https:\/\/naody.fr\/index.php\/wp-json\/wp\/v2\/types\/product"}],"replies":[{"embeddable":true,"href":"https:\/\/naody.fr\/index.php\/wp-json\/wp\/v2\/comments?post=134"}],"wp:featuredmedia":[{"embeddable":true,"href":"https:\/\/naody.fr\/index.php\/wp-json\/wp\/v2\/media\/223"}],"wp:attachment":[{"href":"https:\/\/naody.fr\/index.php\/wp-json\/wp\/v2\/media?parent=134"}],"wp:term":[{"taxonomy":"product_cat","embeddable":true,"href":"https:\/\/naody.fr\/index.php\/wp-json\/wp\/v2\/product_cat?post=134"},{"taxonomy":"product_tag","embeddable":true,"href":"https:\/\/naody.fr\/index.php\/wp-json\/wp\/v2\/product_tag?post=134"}],"curies":[{"name":"wp","href":"https:\/\/api.w.org\/{rel}","templated":true}]}}