{"id":133,"date":"2024-07-01T15:32:10","date_gmt":"2024-07-01T13:32:10","guid":{"rendered":"https:\/\/naody.fr\/?post_type=product&#038;p=133"},"modified":"2024-12-02T09:09:51","modified_gmt":"2024-12-02T08:09:51","slug":"souffle-du-dragon","status":"publish","type":"product","link":"https:\/\/naody.fr\/index.php\/produit\/souffle-du-dragon\/","title":{"rendered":"Souffle du Dragon"},"content":{"rendered":"","protected":false},"excerpt":{"rendered":"<div class=\"flex-shrink-0 flex flex-col relative items-end\">\n<div>\n<div class=\"pt-0\">\n<div class=\"gizmo-bot-avatar flex h-8 w-8 items-center justify-center overflow-hidden rounded-full\">\n<div class=\"relative p-1 rounded-sm flex items-center justify-center bg-token-main-surface-primary text-token-text-primary h-8 w-8\"><strong>Souffle du Dragon : L&#8217;Exotisme \u00e0 l\u2019\u00c9tat Pur !<\/strong><\/div>\n<\/div>\n<\/div>\n<\/div>\n<\/div>\n<div class=\"group\/conversation-turn relative flex w-full min-w-0 flex-col agent-turn\">\n<div class=\"flex-col gap-1 md:gap-3\">\n<div class=\"flex max-w-full flex-col flex-grow\">\n<div class=\"min-h-8 text-message flex w-full flex-col items-end gap-2 whitespace-normal break-words [.text-message+&amp;]:mt-5\" dir=\"auto\" data-message-author-role=\"assistant\" data-message-id=\"17746d4a-cac0-40fa-ba43-dd9af15c62ab\" data-message-model-slug=\"gpt-4o\">\n<div class=\"flex w-full flex-col gap-1 empty:hidden first:pt-[3px]\">\n<div class=\"markdown prose w-full break-words dark:prose-invert light\">\n<p>Laissez-vous envo\u00fbter par <strong>Souffle du Dragon<\/strong>, un cocktail \u00e0 base de gin qui vous transporte dans un univers de saveurs exotiques et envo\u00fbtantes. L&#8217;intensit\u00e9 subtile du fruit du dragon se m\u00eale \u00e0 l\u2019\u00e9l\u00e9gance florale de l\u2019hibiscus, la douceur gourmande de la vanille et le peps du citron vert. La menthe apporte une fra\u00eecheur irr\u00e9sistible, pour un \u00e9quilibre parfait entre d\u00e9licatesse et caract\u00e8re. \ud83d\udc09\ud83c\udf79\ud83c\udf3a<\/p>\n<p><strong>Parfait pour :<\/strong><\/p>\n<ul>\n<li>Impressionner lors d\u2019une soir\u00e9e sp\u00e9ciale<\/li>\n<li>Offrir une exp\u00e9rience unique \u00e0 vos invit\u00e9s<\/li>\n<li>Vous \u00e9vader le temps d\u2019un ap\u00e9ritif raffin\u00e9<\/li>\n<\/ul>\n<p><strong>Conseil de d\u00e9gustation :<\/strong> Servez-le <strong>tr\u00e8s frais<\/strong>, avec des gla\u00e7ons et une fine tranche de fruit du dragon ou une fleur d\u2019hibiscus s\u00e9ch\u00e9e en d\u00e9coration pour un effet visuel saisissant.<\/p>\n<p>\ud83c\udf1f <strong>Un souffle d&#8217;exotisme dans chaque gorg\u00e9e, pr\u00eat \u00e0 r\u00e9veiller vos sens !<\/strong><\/p>\n<\/div>\n<\/div>\n<\/div>\n<\/div>\n<\/div>\n<\/div>\n","protected":false},"featured_media":168,"comment_status":"open","ping_status":"closed","template":"","meta":[],"product_cat":[16],"product_tag":[],"class_list":{"0":"post-133","1":"product","2":"type-product","3":"status-publish","4":"has-post-thumbnail","6":"product_cat-non-classe","8":"first","9":"instock","10":"shipping-taxable","11":"purchasable","12":"product-type-simple"},"jetpack_sharing_enabled":true,"acf":[],"_links":{"self":[{"href":"https:\/\/naody.fr\/index.php\/wp-json\/wp\/v2\/product\/133","targetHints":{"allow":["GET"]}}],"collection":[{"href":"https:\/\/naody.fr\/index.php\/wp-json\/wp\/v2\/product"}],"about":[{"href":"https:\/\/naody.fr\/index.php\/wp-json\/wp\/v2\/types\/product"}],"replies":[{"embeddable":true,"href":"https:\/\/naody.fr\/index.php\/wp-json\/wp\/v2\/comments?post=133"}],"wp:featuredmedia":[{"embeddable":true,"href":"https:\/\/naody.fr\/index.php\/wp-json\/wp\/v2\/media\/168"}],"wp:attachment":[{"href":"https:\/\/naody.fr\/index.php\/wp-json\/wp\/v2\/media?parent=133"}],"wp:term":[{"taxonomy":"product_cat","embeddable":true,"href":"https:\/\/naody.fr\/index.php\/wp-json\/wp\/v2\/product_cat?post=133"},{"taxonomy":"product_tag","embeddable":true,"href":"https:\/\/naody.fr\/index.php\/wp-json\/wp\/v2\/product_tag?post=133"}],"curies":[{"name":"wp","href":"https:\/\/api.w.org\/{rel}","templated":true}]}}