{"id":2,"date":"2024-06-02T14:43:25","date_gmt":"2024-06-02T12:43:25","guid":{"rendered":"http:\/\/naody.fr\/?page_id=2"},"modified":"2024-12-02T08:57:34","modified_gmt":"2024-12-02T07:57:34","slug":"accueil","status":"publish","type":"page","link":"https:\/\/naody.fr\/","title":{"rendered":"Accueil"},"content":{"rendered":"\t\t<div data-elementor-type=\"wp-page\" data-elementor-id=\"2\" class=\"elementor elementor-2\">\n\t\t\t\t<div class=\"elementor-element elementor-element-2466ef37 e-flex e-con-boxed e-con e-parent\" data-id=\"2466ef37\" data-element_type=\"container\">\n\t\t\t\t\t<div class=\"e-con-inner\">\n\t\t\t\t<div class=\"elementor-element elementor-element-18e20c21 elementor-widget elementor-widget-text-editor\" data-id=\"18e20c21\" data-element_type=\"widget\" data-widget_type=\"text-editor.default\">\n\t\t\t\t<div class=\"elementor-widget-container\">\n\t\t\t<style>\/*! elementor - v3.22.0 - 26-06-2024 *\/\n.elementor-widget-text-editor.elementor-drop-cap-view-stacked .elementor-drop-cap{background-color:#69727d;color:#fff}.elementor-widget-text-editor.elementor-drop-cap-view-framed .elementor-drop-cap{color:#69727d;border:3px solid;background-color:transparent}.elementor-widget-text-editor:not(.elementor-drop-cap-view-default) .elementor-drop-cap{margin-top:8px}.elementor-widget-text-editor:not(.elementor-drop-cap-view-default) .elementor-drop-cap-letter{width:1em;height:1em}.elementor-widget-text-editor .elementor-drop-cap{float:left;text-align:center;line-height:1;font-size:50px}.elementor-widget-text-editor .elementor-drop-cap-letter{display:inline-block}<\/style>\t\t\t\t<blockquote class=\"wp-block-quote\">\n<div class=\"flex-shrink-0 flex flex-col relative items-end\">\n<div>\n<div class=\"pt-0\">\n<div class=\"gizmo-bot-avatar flex h-8 w-8 items-center justify-center overflow-hidden rounded-full\">\n<div class=\"relative p-1 rounded-sm flex items-center justify-center bg-token-main-surface-primary text-token-text-primary h-8 w-8\">\u00a0<\/div>\n<\/div>\n<\/div>\n<\/div>\n<\/div>\n<div class=\"group\/conversation-turn relative flex w-full min-w-0 flex-col agent-turn\">\n<div class=\"flex-col gap-1 md:gap-3\">\n<div class=\"flex max-w-full flex-col flex-grow\">\n<div class=\"min-h-8 text-message flex w-full flex-col items-end gap-2 whitespace-normal break-words [.text-message+&amp;]:mt-5\" dir=\"auto\" data-message-author-role=\"assistant\" data-message-id=\"78e8eeaa-53a7-466d-87b4-cffda7f501eb\" data-message-model-slug=\"gpt-4o\">\n<div class=\"flex w-full flex-col gap-1 empty:hidden first:pt-[3px]\">\n<div class=\"markdown prose w-full break-words dark:prose-invert light\">\n<p><strong>Bienvenue dans l&#8217;univers p\u00e9tillant de Naody !<\/strong><\/p>\n<p>Bonjour ! Nous sommes Naomi et Andy, les cr\u00e9ateurs passionn\u00e9s de Naody, votre destination pour des cocktails en bouteille aussi d\u00e9licieux que surprenants. \ud83c\udf1f<\/p>\n<p>Depuis un an, nous mettons tout notre c\u0153ur \u00e0 concocter des recettes originales qui enchanteront vos papilles. Chaque bouteille est pr\u00e9par\u00e9e avec soin pour garantir une explosion de saveurs et vous offrir des cr\u00e9ations uniques, id\u00e9ales pour chaque occasion.<\/p>\n<p>Explorez notre <strong>page Boutique<\/strong> et laissez-vous tenter par nos cocktails irr\u00e9sistibles, parfaits pour illuminer vos moments de f\u00eate ou simplement pour savourer un instant de plaisir. \ud83c\udf89<\/p>\n<p><strong>Alors, pr\u00eats \u00e0 trinquer avec Naody ? Bonne visite !<\/strong> \ud83e\udd42<\/p>\n<\/div>\n<\/div>\n<\/div>\n<\/div>\n<\/div>\n<\/div>\n<\/blockquote>\n<p><!-- \/wp:paragraph --><\/p>\t\t\t\t\t\t<\/div>\n\t\t\t\t<\/div>\n\t\t\t\t\t<\/div>\n\t\t\t\t<\/div>\n\t\t\t\t<\/div>\n\t\t","protected":false},"excerpt":{"rendered":"<p>\u00a0 Bienvenue dans l&#8217;univers p\u00e9tillant de Naody ! Bonjour ! Nous sommes Naomi et Andy, les cr\u00e9ateurs passionn\u00e9s de Naody, votre destination pour des cocktails en bouteille aussi d\u00e9licieux que surprenants. \ud83c\udf1f Depuis un an, nous mettons tout notre c\u0153ur \u00e0 concocter des recettes originales qui enchanteront vos papilles. Chaque bouteille est pr\u00e9par\u00e9e avec soin pour garantir une explosion de saveurs et vous offrir des cr\u00e9ations uniques, id\u00e9ales pour chaque occasion. Explorez notre page Boutique et laissez-vous tenter par nos cocktails irr\u00e9sistibles, parfaits pour illuminer vos moments de f\u00eate ou simplement pour savourer un instant de plaisir. \ud83c\udf89 Alors, pr\u00eats \u00e0 trinquer avec Naody ? Bonne visite ! \ud83e\udd42<\/p>\n","protected":false},"author":1,"featured_media":0,"parent":0,"menu_order":0,"comment_status":"closed","ping_status":"closed","template":"","meta":{"footnotes":""},"class_list":["post-2","page","type-page","status-publish","hentry"],"jetpack_sharing_enabled":true,"acf":[],"_links":{"self":[{"href":"https:\/\/naody.fr\/index.php\/wp-json\/wp\/v2\/pages\/2","targetHints":{"allow":["GET"]}}],"collection":[{"href":"https:\/\/naody.fr\/index.php\/wp-json\/wp\/v2\/pages"}],"about":[{"href":"https:\/\/naody.fr\/index.php\/wp-json\/wp\/v2\/types\/page"}],"author":[{"embeddable":true,"href":"https:\/\/naody.fr\/index.php\/wp-json\/wp\/v2\/users\/1"}],"replies":[{"embeddable":true,"href":"https:\/\/naody.fr\/index.php\/wp-json\/wp\/v2\/comments?post=2"}],"version-history":[{"count":10,"href":"https:\/\/naody.fr\/index.php\/wp-json\/wp\/v2\/pages\/2\/revisions"}],"predecessor-version":[{"id":213,"href":"https:\/\/naody.fr\/index.php\/wp-json\/wp\/v2\/pages\/2\/revisions\/213"}],"wp:attachment":[{"href":"https:\/\/naody.fr\/index.php\/wp-json\/wp\/v2\/media?parent=2"}],"curies":[{"name":"wp","href":"https:\/\/api.w.org\/{rel}","templated":true}]}}