{"id":196,"date":"2024-07-10T09:07:28","date_gmt":"2024-07-10T07:07:28","guid":{"rendered":"https:\/\/naody.fr\/?page_id=196"},"modified":"2024-07-10T09:10:24","modified_gmt":"2024-07-10T07:10:24","slug":"mentions-legales","status":"publish","type":"page","link":"https:\/\/naody.fr\/index.php\/mentions-legales\/","title":{"rendered":"Mentions l\u00e9gales"},"content":{"rendered":"\n<p>Le site web www.naody.fr est la propri\u00e9t\u00e9 de Naody, Entreprise individuelle de Mr Andy HENRY associ\u00e9 \u00e0 Mme Naomi LAVACHE-MAILLET. <\/p>\n\n\n\n<p><strong>Siret<\/strong> : 92956914300019 &#8211; TCO Nanterre<\/p>\n\n\n\n<p><strong>Si\u00e8ge Social<\/strong>&nbsp;: 67 RUE DE NORMANDIE, 92400 COURBEVOIE, FRANCE<\/p>\n\n\n\n<p><strong>Tel.<\/strong>&nbsp;: 06 47 95 19 77<\/p>\n\n\n\n<p><strong>Email<\/strong>&nbsp;: andy@naody.fr \/\/ naomi@naody.fr<\/p>\n\n\n\n<p><strong>Responsable de la publication et cr\u00e9dits photos<\/strong>&nbsp;: Mme Naomi LAVACHE-MAILLET<\/p>\n\n\n\n<p><strong>H\u00e9bergement du site :<\/strong> OVH<\/p>\n\n\n\n<p>SAS au capital de 50 000 000 \u20ac<\/p>\n\n\n\n<p>RCS Lille M\u00e9tropole 424 761 419 00045<br>Code APE 2620Z<br>N\u00b0 TVA : FR 22 424 761 419<br>Si\u00e8ge social : 2 rue Kellermann &#8211; 59100 Roubaix &#8211; France<\/p>\n\n\n\n<p>OVH SAS est une filiale de la soci\u00e9t\u00e9 OVH Groupe SA, soci\u00e9t\u00e9 immatricul\u00e9e au RCS de Lille sous le num\u00e9ro 537 407 926 sise 2, rue Kellermann, 59100 Roubaix.<\/p>\n\n\n\n<h4 class=\"wp-block-heading\"><strong>Droits de Propri\u00e9t\u00e9 intellectuelle attach\u00e9s au Site<\/strong><\/h4>\n\n\n\n<p>Le Site est une \u0153uvre de l&#8217;esprit prot\u00e9g\u00e9e par les lois de la Propri\u00e9t\u00e9 intellectuelle.<\/p>\n\n\n\n<p>Le Site et l&#8217;ensemble du contenu de ce Site, y compris les marques, noms de domaines, photographies, textes, slogans, dessins, images, s\u00e9quences anim\u00e9es et sonores ou non ainsi que toutes \u0153uvres int\u00e9gr\u00e9es dans le Site sont la propri\u00e9t\u00e9 de Naody ou de tiers ayant autoris\u00e9 Naody \u00e0 les utiliser. Ces \u00e9l\u00e9ments sont prot\u00e9g\u00e9s par le droit national et international de la propri\u00e9t\u00e9 intellectuelle.<\/p>\n\n\n\n<p>Toute reproduction ou repr\u00e9sentation int\u00e9grale ou partielle du Site ou de l&#8217;un quelconque des \u00e9l\u00e9ments de celui-ci, par quelque moyen que ce soit, est strictement interdite, de m\u00eame que leur alt\u00e9ration.<\/p>\n\n\n\n<h4 class=\"wp-block-heading\"><strong>Modifications<\/strong><\/h4>\n\n\n\n<p>En acc\u00e9dant et en naviguant sur ce site, l&#8217;utilisateur est inform\u00e9 de ses droits et obligations et accepte pleinement de se conformer aux pr\u00e9sentes conditions d&#8217;utilisations du site. L&#8217;\u00e9diteur du site se r\u00e9serve la possibilit\u00e9 de modifier ces conditions. Il appartient \u00e0 l&#8217;utilisateur de v\u00e9rifier p\u00e9riodiquement le contenu des documents concern\u00e9s. L&#8217;\u00e9diteur se r\u00e9serve la possibilit\u00e9 de supprimer ou de modifier en tout ou partie le \u00ab site \u00bb<\/p>\n\n\n\n<h4 class=\"wp-block-heading\"><strong>Responsabilit\u00e9s<\/strong><\/h4>\n\n\n\n<p>L&#8217;\u00e9diteur du site naody.fr met tout en \u0153uvre pour assurer l&#8217;exactitude et la mise \u00e0 jour de l&#8217;ensemble des informations fournies sur son site.<br>Il ne peut garantir que les informations contenues sur le site soient compl\u00e8tes, pr\u00e9cises, exactes, exhaustives et d\u00e9pourvues de toute erreur.<br>Le responsable de publication de naody.fr s&#8217;engage, d\u00e8s qu&#8217;un utilisateur quelconque transmet toute erreur constat\u00e9e aux coordonn\u00e9es ci-dessus, \u00e0 proc\u00e9der \u00e0 la correction dans les plus brefs d\u00e9lais.<\/p>\n\n\n\n<h4 class=\"wp-block-heading\"><strong>Accessibilit\u00e9<\/strong><\/h4>\n\n\n\n<p>Le site est par principe accessible aux utilisateurs 24\/24h et 7\/7j, sauf interruption, programm\u00e9e ou non, pour des besoins de maintenance ou en cas de force majeure.<br>En cas d&#8217;indisponibilit\u00e9 d&#8217;acc\u00e8s au site, celui-ci s&#8217;engage \u00e0 faire son maximum afin de r\u00e9tablir l&#8217;acc\u00e8s.<br>Le site ne saurait \u00eatre tenu pour responsable de tout dommage, quelle qu&#8217;en soit la nature, r\u00e9sultant de son indisponibilit\u00e9.<\/p>\n\n\n\n<h4 class=\"wp-block-heading\"><strong>Collecte de donn\u00e9es et Loi Informatiques et Libert\u00e9s<\/strong><\/h4>\n\n\n\n<p>Conform\u00e9ment \u00e0 la loi n\u00b0 78-17 du 6 janvier 1978, l&#8217;utilisateur peut \u00e0 tout moment acc\u00e9der aux informations personnelles le concernant d\u00e9tenues par naody.fr, demander leur modification ou leur suppression. Ainsi, selon les articles 36, 39 et 40 de la loi Informatique et Libert\u00e9s, l\u2019utilisateur peut demander que soient rectifi\u00e9es, compl\u00e9t\u00e9es, clarifi\u00e9es, mises \u00e0 jour ou effac\u00e9es les informations le concernant qui sont inexactes, incompl\u00e8tes, \u00e9quivoques, p\u00e9rim\u00e9es ou dont la collecte ou l&#8217;utilisation, la communication ou la conservation sont interdites.<br>Si vous souhaitez exercer ce droit et obtenir communication des informations vous concernant,<br>veuillez-vous adresser<\/p>\n\n\n\n<ul class=\"wp-block-list\">\n<li>par courrier \u00e0 <strong>Mr Andy HENRY, 67 RUE DE NORMANDIE, 92400 COURBEVOIE FRANCE<\/strong><\/li>\n\n\n\n<li>par email \u00e0 <strong>naomi@naody.fr<\/strong> &#8211; \u00e0 Mme LAVACHE-MAILLET Naomi, Co-fondatrice et responsable de publication du site internet<\/li>\n<\/ul>\n\n\n\n<p>Nous nous engageons \u00e0 prendre toutes pr\u00e9cautions afin de pr\u00e9server la s\u00e9curit\u00e9 de vos informations et notamment emp\u00eacher qu&#8217;elles ne soient d\u00e9form\u00e9es, endommag\u00e9es ou communiqu\u00e9es \u00e0 des tiers.<br><br>Afin d&#8217;am\u00e9liorer la qualit\u00e9 de son service et de mieux r\u00e9pondre aux attentes de ses utilisateurs, naody.fr pourra \u00eatre amen\u00e9 \u00e0 collecter des donn\u00e9es nominatives sur l&#8217;utilisateur, notamment par l&#8217;utilisation de marqueurs (cookies).<\/p>\n","protected":false},"excerpt":{"rendered":"<p>Le site web www.naody.fr est la propri\u00e9t\u00e9 de Naody, Entreprise individuelle de Mr Andy HENRY associ\u00e9 \u00e0 Mme Naomi LAVACHE-MAILLET. Siret : 92956914300019 &#8211; TCO Nanterre Si\u00e8ge Social&nbsp;: 67 RUE DE NORMANDIE, 92400 COURBEVOIE, FRANCE Tel.&nbsp;: 06 47 95 19 77 Email&nbsp;: andy@naody.fr \/\/ naomi@naody.fr Responsable de la publication et cr\u00e9dits photos&nbsp;: Mme Naomi LAVACHE-MAILLET H\u00e9bergement du site : OVH SAS au capital de 50 000 000 \u20ac RCS Lille M\u00e9tropole 424 761 419 00045Code APE 2620ZN\u00b0 TVA : FR 22 424 761 419Si\u00e8ge social : 2 rue Kellermann &#8211; 59100 Roubaix &#8211; France OVH SAS est une filiale de la soci\u00e9t\u00e9 OVH Groupe SA, soci\u00e9t\u00e9 immatricul\u00e9e au RCS de Lille sous le num\u00e9ro 537 407 926 sise 2, rue Kellermann, 59100 Roubaix. Droits de Propri\u00e9t\u00e9 intellectuelle attach\u00e9s au Site Le Site est une \u0153uvre de l&#8217;esprit prot\u00e9g\u00e9e par les lois de la Propri\u00e9t\u00e9 intellectuelle. Le Site et l&#8217;ensemble du contenu de ce Site, y compris les marques, noms de domaines, photographies, textes, slogans, dessins, images, s\u00e9quences anim\u00e9es et sonores ou non ainsi que toutes \u0153uvres int\u00e9gr\u00e9es dans le Site sont la propri\u00e9t\u00e9 de Naody ou de tiers ayant autoris\u00e9 Naody \u00e0 les utiliser. Ces \u00e9l\u00e9ments sont prot\u00e9g\u00e9s par le droit national et international de la propri\u00e9t\u00e9 intellectuelle. Toute reproduction ou repr\u00e9sentation int\u00e9grale ou partielle du Site ou de l&#8217;un quelconque des \u00e9l\u00e9ments de celui-ci, par quelque moyen que ce soit, est strictement interdite, de m\u00eame que leur alt\u00e9ration. Modifications En acc\u00e9dant et en naviguant sur ce site, l&#8217;utilisateur est inform\u00e9 de ses droits et obligations et accepte pleinement de se conformer aux pr\u00e9sentes conditions d&#8217;utilisations du site. L&#8217;\u00e9diteur du site se r\u00e9serve la possibilit\u00e9 de modifier ces conditions. Il appartient \u00e0 l&#8217;utilisateur de v\u00e9rifier p\u00e9riodiquement le contenu des documents concern\u00e9s. L&#8217;\u00e9diteur se r\u00e9serve la possibilit\u00e9 de supprimer ou de modifier en tout ou partie le \u00ab site \u00bb Responsabilit\u00e9s L&#8217;\u00e9diteur du site naody.fr met tout en \u0153uvre pour assurer l&#8217;exactitude et la mise \u00e0 jour de l&#8217;ensemble des informations fournies sur son site.Il ne peut garantir que les informations contenues sur le site soient compl\u00e8tes, pr\u00e9cises, exactes, exhaustives et d\u00e9pourvues de toute erreur.Le responsable de publication de naody.fr s&#8217;engage, d\u00e8s qu&#8217;un utilisateur quelconque transmet toute erreur constat\u00e9e aux coordonn\u00e9es ci-dessus, \u00e0 proc\u00e9der \u00e0 la correction dans les plus brefs d\u00e9lais. Accessibilit\u00e9 Le site est par principe accessible aux utilisateurs 24\/24h et 7\/7j, sauf interruption, programm\u00e9e ou non, pour des besoins de maintenance ou en cas de force majeure.En cas d&#8217;indisponibilit\u00e9 d&#8217;acc\u00e8s au site, celui-ci s&#8217;engage \u00e0 faire son maximum afin de r\u00e9tablir l&#8217;acc\u00e8s.Le site ne saurait \u00eatre tenu pour responsable de tout dommage, quelle qu&#8217;en soit la nature, r\u00e9sultant de son indisponibilit\u00e9. Collecte de donn\u00e9es et Loi Informatiques et Libert\u00e9s Conform\u00e9ment \u00e0 la loi n\u00b0 78-17 du 6 janvier 1978, l&#8217;utilisateur peut \u00e0 tout moment acc\u00e9der aux informations personnelles le concernant d\u00e9tenues par naody.fr, demander leur modification ou leur suppression. Ainsi, selon les articles 36, 39 et 40 de la loi Informatique et Libert\u00e9s, l\u2019utilisateur peut demander que soient rectifi\u00e9es, compl\u00e9t\u00e9es, clarifi\u00e9es, mises \u00e0 jour ou effac\u00e9es les informations le concernant qui sont inexactes, incompl\u00e8tes, \u00e9quivoques, p\u00e9rim\u00e9es ou dont la collecte ou l&#8217;utilisation, la communication ou la conservation sont interdites.Si vous souhaitez exercer ce droit et obtenir communication des informations vous concernant,veuillez-vous adresser Nous nous engageons \u00e0 prendre toutes pr\u00e9cautions afin de pr\u00e9server la s\u00e9curit\u00e9 de vos informations et notamment emp\u00eacher qu&#8217;elles ne soient d\u00e9form\u00e9es, endommag\u00e9es ou communiqu\u00e9es \u00e0 des tiers. Afin d&#8217;am\u00e9liorer la qualit\u00e9 de son service et de mieux r\u00e9pondre aux attentes de ses utilisateurs, naody.fr pourra \u00eatre amen\u00e9 \u00e0 collecter des donn\u00e9es nominatives sur l&#8217;utilisateur, notamment par l&#8217;utilisation de marqueurs (cookies).<\/p>\n","protected":false},"author":1,"featured_media":0,"parent":0,"menu_order":0,"comment_status":"closed","ping_status":"closed","template":"","meta":{"footnotes":""},"class_list":["post-196","page","type-page","status-publish","hentry"],"jetpack_sharing_enabled":true,"acf":[],"_links":{"self":[{"href":"https:\/\/naody.fr\/index.php\/wp-json\/wp\/v2\/pages\/196","targetHints":{"allow":["GET"]}}],"collection":[{"href":"https:\/\/naody.fr\/index.php\/wp-json\/wp\/v2\/pages"}],"about":[{"href":"https:\/\/naody.fr\/index.php\/wp-json\/wp\/v2\/types\/page"}],"author":[{"embeddable":true,"href":"https:\/\/naody.fr\/index.php\/wp-json\/wp\/v2\/users\/1"}],"replies":[{"embeddable":true,"href":"https:\/\/naody.fr\/index.php\/wp-json\/wp\/v2\/comments?post=196"}],"version-history":[{"count":2,"href":"https:\/\/naody.fr\/index.php\/wp-json\/wp\/v2\/pages\/196\/revisions"}],"predecessor-version":[{"id":200,"href":"https:\/\/naody.fr\/index.php\/wp-json\/wp\/v2\/pages\/196\/revisions\/200"}],"wp:attachment":[{"href":"https:\/\/naody.fr\/index.php\/wp-json\/wp\/v2\/media?parent=196"}],"curies":[{"name":"wp","href":"https:\/\/api.w.org\/{rel}","templated":true}]}}